{"id":1841,"date":"2018-06-26T03:22:07","date_gmt":"2018-06-26T03:22:07","guid":{"rendered":"https:\/\/demo.harutheme.com\/formota\/?page_id=1841"},"modified":"2021-12-23T16:05:56","modified_gmt":"2021-12-23T16:05:56","slug":"home-5-2","status":"publish","type":"page","link":"https:\/\/patriciomora.es\/","title":{"rendered":"INICIO"},"content":{"rendered":"<p>[vc_row full_width=&#8221;stretch_row_content_no_spaces&#8221;][vc_column][vc_row_inner][vc_column_inner]  \n        <div class=\" \">\n                <div class=\"video-slideshow-shortcode-wrapper slick \"\n        data-dots=\"true\"\n        >\n        <div class=\"video-list columns-2\">\n                            <div class=\"video-item style_2 \" onclick=\"void(0)\">\n    <div class=\"video-image\">\n        <img loading=\"lazy\" decoding=\"async\" width=\"885\" height=\"530\" src=\"https:\/\/patriciomora.es\/wp-content\/uploads\/2021\/12\/sophie-mike.png\" class=\"attachment-post-thumbnail size-post-thumbnail wp-post-image\" alt=\"\" \/>                <div class=\"video-icon\">\n            <a href=\"javascript:;\" class=\"view-video-button\" data-id=\"4213\" data-player=\"none\" data-server=\"url\"><\/a>\n        <\/div>\n                <div class=\"video-meta\">\n            <div class=\"meta-wrap\">\n                <div class=\"video-meta-date\"><\/div>\n                <div class=\"video-category\"><i class=\"ion ion-md-text\"><\/i><\/div>\n            <\/div>\n            <h3 class=\"video-title\"><a href=\"https:\/\/patriciomora.es\/?haru_video=boutique-weddings-2-2-3\"><!-- Sophie &#038; Mike --><\/a><\/h3>\n        <\/div>\n    <\/div>\n<\/div>                            <div class=\"video-item style_2 \" onclick=\"void(0)\">\n    <div class=\"video-image\">\n        <img loading=\"lazy\" decoding=\"async\" width=\"885\" height=\"530\" src=\"https:\/\/patriciomora.es\/wp-content\/uploads\/2021\/12\/positano-italy-1.jpg\" class=\"attachment-post-thumbnail size-post-thumbnail wp-post-image\" alt=\"\" \/>                <div class=\"video-icon\">\n            <a href=\"javascript:;\" class=\"view-video-button\" data-id=\"4160\" data-player=\"none\" data-server=\"url\"><\/a>\n        <\/div>\n                <div class=\"video-meta\">\n            <div class=\"meta-wrap\">\n                <div class=\"video-meta-date\"><\/div>\n                <div class=\"video-category\"><i class=\"ion ion-md-text\"><\/i><\/div>\n            <\/div>\n            <h3 class=\"video-title\"><a href=\"https:\/\/patriciomora.es\/?haru_video=boutique-weddings-2-2-2-2-2-2\"><!\u2013\u2013 Positano Italy \u2013\u2013><\/a><\/h3>\n        <\/div>\n    <\/div>\n<\/div>                            <div class=\"video-item style_2 \" onclick=\"void(0)\">\n    <div class=\"video-image\">\n        <img loading=\"lazy\" decoding=\"async\" width=\"885\" height=\"530\" src=\"https:\/\/patriciomora.es\/wp-content\/uploads\/2021\/12\/raquel-arturo-2.jpg\" class=\"attachment-post-thumbnail size-post-thumbnail wp-post-image\" alt=\"\" \/>                <div class=\"video-icon\">\n            <a href=\"javascript:;\" class=\"view-video-button\" data-id=\"4159\" data-player=\"none\" data-server=\"url\"><\/a>\n        <\/div>\n                <div class=\"video-meta\">\n            <div class=\"meta-wrap\">\n                <div class=\"video-meta-date\"><\/div>\n                <div class=\"video-category\"><i class=\"ion ion-md-text\"><\/i><\/div>\n            <\/div>\n            <h3 class=\"video-title\"><a href=\"https:\/\/patriciomora.es\/?haru_video=boutique-weddings-2-2-2-2-2\"><!\u2013\u2013 Raquel &#038; Arturo \u2013\u2013><\/a><\/h3>\n        <\/div>\n    <\/div>\n<\/div>                            <div class=\"video-item style_2 \" onclick=\"void(0)\">\n    <div class=\"video-image\">\n        <img loading=\"lazy\" decoding=\"async\" width=\"885\" height=\"530\" src=\"https:\/\/patriciomora.es\/wp-content\/uploads\/2021\/12\/arantxa-y-juanfra-cortijo-bravo.jpg\" class=\"attachment-post-thumbnail size-post-thumbnail wp-post-image\" alt=\"\" \/>                <div class=\"video-icon\">\n            <a href=\"javascript:;\" class=\"view-video-button\" data-id=\"4157\" data-player=\"none\" data-server=\"url\"><\/a>\n        <\/div>\n                <div class=\"video-meta\">\n            <div class=\"meta-wrap\">\n                <div class=\"video-meta-date\"><\/div>\n                <div class=\"video-category\"><i class=\"ion ion-md-text\"><\/i><\/div>\n            <\/div>\n            <h3 class=\"video-title\"><a href=\"https:\/\/patriciomora.es\/?haru_video=boutique-weddings-2-2-2-2\"><!-- Arantxa y Juanfra Cortijo Bravo --><\/a><\/h3>\n        <\/div>\n    <\/div>\n<\/div>                            <div class=\"video-item style_2 \" onclick=\"void(0)\">\n    <div class=\"video-image\">\n        <img loading=\"lazy\" decoding=\"async\" width=\"885\" height=\"530\" src=\"https:\/\/patriciomora.es\/wp-content\/uploads\/2021\/12\/nacho-y-cristina-2.jpg\" class=\"attachment-post-thumbnail size-post-thumbnail wp-post-image\" alt=\"\" \/>                <div class=\"video-icon\">\n            <a href=\"javascript:;\" class=\"view-video-button\" data-id=\"4155\" data-player=\"none\" data-server=\"url\"><\/a>\n        <\/div>\n                <div class=\"video-meta\">\n            <div class=\"meta-wrap\">\n                <div class=\"video-meta-date\"><\/div>\n                <div class=\"video-category\"><i class=\"ion ion-md-text\"><\/i><\/div>\n            <\/div>\n            <h3 class=\"video-title\"><a href=\"https:\/\/patriciomora.es\/?haru_video=boutique-weddings-2-2-2\"><!-- Nacho y Cristina --><\/a><\/h3>\n        <\/div>\n    <\/div>\n<\/div>                            <div class=\"video-item style_2 \" onclick=\"void(0)\">\n    <div class=\"video-image\">\n        <img loading=\"lazy\" decoding=\"async\" width=\"885\" height=\"530\" src=\"https:\/\/patriciomora.es\/wp-content\/uploads\/2021\/12\/jo-paul.jpg\" class=\"attachment-post-thumbnail size-post-thumbnail wp-post-image\" alt=\"\" \/>                <div class=\"video-icon\">\n            <a href=\"javascript:;\" class=\"view-video-button\" data-id=\"4153\" data-player=\"none\" data-server=\"url\"><\/a>\n        <\/div>\n                <div class=\"video-meta\">\n            <div class=\"meta-wrap\">\n                <div class=\"video-meta-date\"><\/div>\n                <div class=\"video-category\"><i class=\"ion ion-md-text\"><\/i><\/div>\n            <\/div>\n            <h3 class=\"video-title\"><a href=\"https:\/\/patriciomora.es\/?haru_video=boutique-weddings-2-2\"><!-- Jo &#038; Paul --><\/a><\/h3>\n        <\/div>\n    <\/div>\n<\/div>                            <div class=\"video-item style_2 \" onclick=\"void(0)\">\n    <div class=\"video-image\">\n        <img loading=\"lazy\" decoding=\"async\" width=\"885\" height=\"530\" src=\"https:\/\/patriciomora.es\/wp-content\/uploads\/2021\/12\/boutique-weddings.jpg\" class=\"attachment-post-thumbnail size-post-thumbnail wp-post-image\" alt=\"\" \/>                <div class=\"video-icon\">\n            <a href=\"javascript:;\" class=\"view-video-button\" data-id=\"4147\" data-player=\"none\" data-server=\"url\"><\/a>\n        <\/div>\n                <div class=\"video-meta\">\n            <div class=\"meta-wrap\">\n                <div class=\"video-meta-date\"><\/div>\n                <div class=\"video-category\"><i class=\"ion ion-md-text\"><\/i><\/div>\n            <\/div>\n            <h3 class=\"video-title\"><a href=\"https:\/\/patriciomora.es\/?haru_video=boutique-weddings\"><!-- Boutique Weddings --><\/a><\/h3>\n        <\/div>\n    <\/div>\n<\/div>                            <div class=\"video-item style_2 \" onclick=\"void(0)\">\n    <div class=\"video-image\">\n                <div class=\"video-thumbnail-video\">\n            <img loading=\"lazy\" decoding=\"async\" width=\"885\" height=\"530\" src=\"https:\/\/patriciomora.es\/wp-content\/uploads\/2019\/10\/aly-gary.jpg\" class=\"attachment-post-thumbnail size-post-thumbnail wp-post-image\" alt=\"\" \/>            <video src=\"\"><\/video>\n        <\/div>\n                        <div class=\"video-icon\">\n            <a href=\"javascript:;\" class=\"view-video-button\" data-id=\"3192\" data-player=\"none\" data-server=\"url\"><\/a>\n        <\/div>\n                <div class=\"video-meta\">\n            <div class=\"meta-wrap\">\n                <div class=\"video-meta-date\"><\/div>\n                <div class=\"video-category\"><i class=\"ion ion-md-text\"><\/i><\/div>\n            <\/div>\n            <h3 class=\"video-title\"><a href=\"https:\/\/patriciomora.es\/?haru_video=google-drive-2\"><!-- Ali &#038; Gary La Roca Rara Nerja --><\/a><\/h3>\n        <\/div>\n    <\/div>\n<\/div>                    <\/div>\n    <\/div>\n        <\/div>  \n\n        [\/vc_column_inner][\/vc_row_inner][\/vc_column][\/vc_row][vc_row css=&#8221;.vc_custom_1640188922032{padding-top: 6% !important;padding-bottom: 6% !important;}&#8221; el_id=&#8221;info&#8221;][vc_column][vc_row_inner][vc_column_inner][vc_custom_heading heading_style=&#8221;heading_style_9&#8243; text=&#8221;INFO&#8221; use_theme_fonts=&#8221;yes&#8221; bg_color=&#8221;#ffffff&#8221; css=&#8221;.vc_custom_1640187875107{background-color: #ffffff !important;}&#8221;][vc_column_text]<\/p>\n<div id=\"text_1\" class=\" align_center\" style=\"text-align: center;\" data-editable-type=\"title\" data-force-html-mode=\"false\" data-id=\"4794780\" data-content-module-unique-id=\"\">Como cada pareja es un mundo, y no todas las parejas demandan lo mismo, dispongo de varias opciones y precios que cubren un amplio aban\u00edco de posibilidades.<\/div>\n<p class=\"centered\" style=\"text-align: center;\">* * * *<\/p>\n<div id=\"text_2\" class=\" \" data-editable-type=\"text\" data-force-html-mode=\"false\" data-id=\"4794781\" data-content-module-unique-id=\"\">\n<p style=\"text-align: center;\">Por lo general se incluyen preparativos en casa novios, ceremonia, exteriores y celebraci\u00f3n.<\/p>\n<p style=\"text-align: center;\">Si lo que buscais es un packs de foto + v\u00eddeo, ampliando la gama de opciones y ahorrando en este caso dinero en la contrataci\u00f3n de las dos cosas juntas.<\/p>\n<p style=\"text-align: center;\">Si necesitais informaci\u00f3n adicional, pod\u00e9is contactar conmigo, en la secci\u00f3n de contacto encontrareis la informaci\u00f3n necesaria para hacerlo, y donde sin nungun compromiso os mandar\u00e9 un presupuesto que se adecue a vuestras necesidades.<\/p>\n<p style=\"text-align: center;\">A continuaci\u00f3n pod\u00e9is leer algunas cuestiones sobre mi forma de trabajar:<\/p>\n<h2 style=\"text-align: center;\"><b>\u2022 realizo reportajes modernos ,din\u00e1micos y con calidad cinematogr\u00e1fica<\/b><\/h2>\n<p style=\"text-align: center;\">Hoy en dia todo cambia a una velocidad de vertigo, estamos viviendo el boom de las redes sociales que nos hacen compartir una cantidad de informaci\u00f3n impensable hace solo 5 a\u00f1os, los cambios de tendencias son ahora compartidos de forma global, y como no, tambien hay nuevas tendencias en el mundo del video de boda, en la actualidad y apoyados por la nueva tecnolog\u00eda en lo que a grabaci\u00f3n de video se refiere, se est\u00e1 imponiendo las bodas en HD con aspecto cinematogr\u00e1fico. Yo personalmente empec\u00e9 a coquetear con esta tecnolog\u00eda hace un par de temporadas, pero es en la actual 2011 cuando he dado el salto defnitivo a grabar los eventos con c\u00e1maras DSLR. La textura de color, la profundidad de campo y el poder jugar con un enfoque selectivo, dan a las im\u00e1genes grabadas con estos equipos un toque mas \u00edntimo y sofisticado, que no se puede alcanzar con c\u00e1maras profesionales de video convencionales, que transmiten unas im\u00e1genes m\u00e1s frias. Aparte nos ayudamos de otro tipo de herramientas durante la grabaci\u00f3n como por el ejemplo: steadicam, traveling portatil, tablet dolly, grua portatil y algunos truquillos m\u00e1s que nos guardamos en la manga, es uso de estas herramientas, no hace mas que realzar con sutiles movimientos la belleza de un plano y, aumentar la calidad del producto final, diferenciando mi producto de la competencia con un estilo \u00fanico y exclusivo.<\/p>\n<p style=\"text-align: center;\">En la medida de lo posible intento evitar los posados, prefiero dejar que todo discurra de forma natural, lo que trato es de documentar lo que pas\u00f3 en un d\u00eda tan especial, no tengo nada en contra de las bodas tradicionales, pero a veces el teatro y la pantomima que se monta en el momento de los preparativos, por poner un ejemplo, desnaturaliza un momento tan especial, que a mi parecer se deber\u00eda vivir con total naturalidad, asi que vamos a ser expontaneos!!<b><br \/>\n<\/b><\/p>\n<h2 style=\"text-align: center;\"><b>\u2022 realizo un numero limitado de\u00a0 bodas al a\u00f1o:<\/b><\/h2>\n<p>Es muy facil caer en el error de convertirte en una m\u00e1quina de hacer bodas, y por comodidad y rapidez hacer una boda\u00a0 partiendo de una plantilla, estareis de acuerdo conmigo en que aunque nos casemos en la misma iglesia y lo celebremos en el mismo sal\u00f3n que alg\u00fan familiar o amigo, nuestra boda siempre a de ser distinta y mejor, por este motivo estudiamos cada evento como \u00fanico, para tratar de exprimir al m\u00e1ximo todos esos peque\u00f1os detalles que nos diferencian del resto, y que har\u00e1 el video de vuestra boda distinto y exclusivo. Debido a esto mi trabajo no comienza el dia de la boda, sino que por el contrario lo planificamos todo con mucha antelaci\u00f3n, la interacci\u00f3n con mis clientes es continua, por este motivo s\u00f3lo hacemos un n\u00famero limitado de bodas al a\u00f1o, y s\u00f3lo una por fin de semana.<b><br \/>\n<\/b><\/p>\n<h2 style=\"text-align: center;\"><b>\u2022 no tengo problema para desplazarme:<\/b><\/h2>\n<p style=\"text-align: center;\">principalmente mi zona de trabajo es M\u00e1laga y provincia, no tengo inconveniente en viajar a cualquier sitio del mundo, me encanta hacer kil\u00f3metros \ud83d\ude42<\/p>\n<p style=\"text-align: center;\">Si vuestra boda es fuera de M\u00e1laga, os asesorar\u00e9 encantado en lo referente a los costos del desplazamiento<\/p>\n<h2 style=\"text-align: center;\"><b>\u2022 packs de foto + v\u00eddeo :<\/b><\/h2>\n<p>Busc\u00e1isal mejor fotografo para vuestra boda??&#8230; trabajo conjuntamente con el mejor fot\u00f3grafo de la zona, Pedro Bellido, que ademas de un gran amigo es un gran profesional.<\/p>\n<p style=\"text-align: center;\">Pod\u00e9is ver sus trabajos y opciones disponibles en su\u00a0<a href=\"http:\/\/www.pedrobellido.com\/\">web<\/a><\/p>\n<p style=\"text-align: center;\">Realizamos packs de foto + v\u00eddeo, as\u00ed los dos trabajos van de la mano y ahorrareis dinero. Consultadme precios si est\u00e1is interesados.<\/p>\n<p>Es muy importante que foto y video vayan de la mano, la armonia a la hora de trabajar de gente que se conoce es un factor de exito en el trabajo final, tened en cuenta que dependiendo del paquete contratado podemos llegar a ser hasta 6 profesionales cubriendo vuestro evento, y por eso, me reitero en que es muy importatnte que nos conozcamos, ya que conocemos casi a la perfecci\u00f3n donde tiene que estar cada uno para no molestar al compa\u00f1ero, ni romper el protocolo del evento.<\/p>\n<h2 style=\"text-align: center;\"><b>\u2022 estoy abierto a cualquier propuesta:<\/b><\/h2>\n<p style=\"text-align: center;\">Ten\u00e9is m\u00e1s dudas? Necesit\u00e1is algo diferente?&#8230; contadme lo que se os ocurra, todas las opciones se pueden estudiar.<\/p>\n<p style=\"text-align: center;\">Mi objetivo es que si os gustan mis trabajos podamos hacer de el un recuerdo inolvidable, por eso cualquier sugerencia o propuesta ser\u00e1 bienvenida.<\/p>\n<\/div>\n<p>[\/vc_column_text][\/vc_column_inner][\/vc_row_inner][\/vc_column][\/vc_row][vc_row css=&#8221;.vc_custom_1640188954504{padding-top: 6% !important;padding-bottom: 6% !important;}&#8221; el_id=&#8221;sobre-mi&#8221;][vc_column][vc_row_inner][vc_column_inner][vc_custom_heading heading_style=&#8221;heading_style_9&#8243; text=&#8221;SOBRE M\u00cd&#8221; use_theme_fonts=&#8221;yes&#8221; bg_color=&#8221;#ffffff&#8221; css=&#8221;.vc_custom_1640188479964{background-color: #ffffff !important;}&#8221;][\/vc_column_inner][\/vc_row_inner][vc_row_inner][vc_column_inner width=&#8221;1\/3&#8243;][vc_single_image image=&#8221;4174&#8243; img_size=&#8221;LARGE&#8221; style=&#8221;vc_box_rounded&#8221;][\/vc_column_inner][vc_column_inner width=&#8221;2\/3&#8243;][vc_column_text]<\/p>\n<h3 id=\"title_1\" class=\" \" data-editable-type=\"title\" data-force-html-mode=\"false\" data-id=\"4783377\">Patricio Mora<\/h3>\n<div id=\"text_1\" class=\" \" data-editable-type=\"text\" data-force-html-mode=\"false\" data-id=\"4783378\" data-content-module-unique-id=\"\">\n<p>Tras tiempo dedic\u00e1ndome al video, y despu\u00e9s de trabajar en otros campos,es el reportaje de boda lo que ha hecho que de el salto profesional hace algunos a\u00f1os.<\/p>\n<p>Me encanta ser un vide\u00f3grafo de boda, y me siento afortunado de ser capaz de capturar los recuerdos de un d\u00eda tan especial e irrepetible.<br \/>\nBusco en mis videos un estilo din\u00e1mico y diferente, basado en el cine aplicado a las bodas, el cual me permite captar momentoscon im\u00e1genes creativas, diferentes y sobre todo muy emotivas.<\/p>\n<p>En un futuro, busco seguir innovando con el fin de llegar a realizar cada vez trabajos de mas exclusividad y calidad.Gracias por visitar mi web.<\/p><\/div>\n<p>[\/vc_column_text][\/vc_column_inner][\/vc_row_inner][\/vc_column][\/vc_row][vc_row css=&#8221;.vc_custom_1640188991807{padding-top: 6% !important;padding-bottom: 6% !important;}&#8221; el_id=&#8221;contacto&#8221;][vc_column][vc_row_inner][vc_column_inner][vc_custom_heading heading_style=&#8221;heading_style_9&#8243; text=&#8221;CONTACTO&#8221; use_theme_fonts=&#8221;yes&#8221; bg_color=&#8221;#ffffff&#8221; css=&#8221;.vc_custom_1640188998877{background-color: #ffffff !important;}&#8221;][\/vc_column_inner][\/vc_row_inner][vc_row_inner][vc_column_inner width=&#8221;1\/4&#8243;][\/vc_column_inner][vc_column_inner width=&#8221;1\/2&#8243;]\n<div class=\"wpcf7 no-js\" id=\"wpcf7-f2606-o1\" lang=\"en-US\" dir=\"ltr\">\n<div class=\"screen-reader-response\"><p role=\"status\" aria-live=\"polite\" aria-atomic=\"true\"><\/p> <ul><\/ul><\/div>\n<form action=\"\/index.php?rest_route=%2Fwp%2Fv2%2Fpages%2F1841#wpcf7-f2606-o1\" method=\"post\" class=\"wpcf7-form init\" aria-label=\"Contact form\" novalidate=\"novalidate\" data-status=\"init\">\n<div style=\"display: none;\">\n<input type=\"hidden\" name=\"_wpcf7\" value=\"2606\" \/>\n<input type=\"hidden\" name=\"_wpcf7_version\" value=\"5.8.4\" \/>\n<input type=\"hidden\" name=\"_wpcf7_locale\" value=\"en_US\" \/>\n<input type=\"hidden\" name=\"_wpcf7_unit_tag\" value=\"wpcf7-f2606-o1\" \/>\n<input type=\"hidden\" name=\"_wpcf7_container_post\" value=\"0\" \/>\n<input type=\"hidden\" name=\"_wpcf7_posted_data_hash\" value=\"\" \/>\n<input type=\"hidden\" name=\"_wpcf7_recaptcha_response\" value=\"\" \/>\n<\/div>\n<div class=\"contact-form\">\n\t<div class=\"contact-name\">\n\t\t<div>\n\t\t\t<p><span class=\"wpcf7-form-control-wrap\" data-name=\"your-name\"><input size=\"40\" class=\"wpcf7-form-control wpcf7-text wpcf7-validates-as-required\" aria-required=\"true\" aria-invalid=\"false\" placeholder=\"Nombre\" value=\"\" type=\"text\" name=\"your-name\" \/><\/span>\n\t\t\t<\/p>\n\t\t<\/div>\n\t<\/div>\n\t<div class=\"contact-email\">\n\t\t<div>\n\t\t\t<p><span class=\"wpcf7-form-control-wrap\" data-name=\"your-email\"><input size=\"40\" class=\"wpcf7-form-control wpcf7-email wpcf7-validates-as-required wpcf7-text wpcf7-validates-as-email\" aria-required=\"true\" aria-invalid=\"false\" placeholder=\"Correo Electr\u00f3nico\" value=\"\" type=\"email\" name=\"your-email\" \/><\/span>\n\t\t\t<\/p>\n\t\t<\/div>\n\t<\/div>\n\t<div class=\"contact-subject\">\n\t\t<div>\n\t\t\t<p><span class=\"wpcf7-form-control-wrap\" data-name=\"your-subject\"><input size=\"40\" class=\"wpcf7-form-control wpcf7-text wpcf7-validates-as-required\" aria-required=\"true\" aria-invalid=\"false\" placeholder=\"Motivo de contacto\" value=\"\" type=\"text\" name=\"your-subject\" \/><\/span>\n\t\t\t<\/p>\n\t\t<\/div>\n\t<\/div>\n\t<div class=\"contact-subject\">\n\t\t<div>\n\t\t\t<p><span class=\"wpcf7-form-control-wrap\" data-name=\"your-subject\"><input size=\"40\" class=\"wpcf7-form-control wpcf7-text\" aria-invalid=\"false\" placeholder=\"Tel\u00e9fono (opcional)\" value=\"\" type=\"text\" name=\"your-subject\" \/><\/span>\n\t\t\t<\/p>\n\t\t<\/div>\n\t<\/div>\n\t<div class=\"contact-message\">\n\t\t<div>\n\t\t\t<p><span class=\"wpcf7-form-control-wrap\" data-name=\"your-message\"><textarea cols=\"40\" rows=\"5\" class=\"wpcf7-form-control wpcf7-textarea wpcf7-validates-as-required\" aria-required=\"true\" aria-invalid=\"false\" placeholder=\"Mensaje *\" name=\"your-message\"><\/textarea><\/span>\n\t\t\t<\/p>\n\t\t<\/div>\n\t<\/div>\n\t<div class=\"contact-submit\">\n\t\t<p><input class=\"wpcf7-form-control wpcf7-submit has-spinner\" type=\"submit\" value=\"Enviar Mensaje\" \/>\n\t\t<\/p>\n\t<\/div>\n<\/div><div class=\"wpcf7-response-output\" aria-hidden=\"true\"><\/div>\n<\/form>\n<\/div>\n[\/vc_column_inner][vc_column_inner width=&#8221;1\/4&#8243;][\/vc_column_inner][\/vc_row_inner][\/vc_column][\/vc_row]<\/p>\n","protected":false},"excerpt":{"rendered":"<p>[vc_row full_width=&#8221;stretch_row_content_no_spaces&#8221;][vc_column][vc_row_inner][vc_column_inner][\/vc_column_inner][\/vc_row_inner][\/vc_column][\/vc_row][vc_row css=&#8221;.vc_custom_1640188922032{padding-top: 6% !important;padding-bottom: 6% !important;}&#8221; el_id=&#8221;info&#8221;][vc_column][vc_row_inner][vc_column_inner][vc_custom_heading heading_style=&#8221;heading_style_9&#8243; text=&#8221;INFO&#8221; use_theme_fonts=&#8221;yes&#8221; bg_color=&#8221;#ffffff&#8221; css=&#8221;.vc_custom_1640187875107{background-color: #ffffff !important;}&#8221;][vc_column_text] Como cada pareja es un mundo, y no todas las parejas demandan lo mismo, dispongo de varias opciones y precios que cubren un amplio aban\u00edco de posibilidades. * * * * Por lo general se incluyen preparativos en casa novios, [&hellip;]<\/p>\n","protected":false},"author":2,"featured_media":0,"parent":0,"menu_order":0,"comment_status":"closed","ping_status":"closed","template":"","meta":{"footnotes":""},"class_list":["post-1841","page","type-page","status-publish","hentry","clearfix"],"_links":{"self":[{"href":"https:\/\/patriciomora.es\/index.php?rest_route=\/wp\/v2\/pages\/1841","targetHints":{"allow":["GET"]}}],"collection":[{"href":"https:\/\/patriciomora.es\/index.php?rest_route=\/wp\/v2\/pages"}],"about":[{"href":"https:\/\/patriciomora.es\/index.php?rest_route=\/wp\/v2\/types\/page"}],"author":[{"embeddable":true,"href":"https:\/\/patriciomora.es\/index.php?rest_route=\/wp\/v2\/users\/2"}],"replies":[{"embeddable":true,"href":"https:\/\/patriciomora.es\/index.php?rest_route=%2Fwp%2Fv2%2Fcomments&post=1841"}],"version-history":[{"count":35,"href":"https:\/\/patriciomora.es\/index.php?rest_route=\/wp\/v2\/pages\/1841\/revisions"}],"predecessor-version":[{"id":4217,"href":"https:\/\/patriciomora.es\/index.php?rest_route=\/wp\/v2\/pages\/1841\/revisions\/4217"}],"wp:attachment":[{"href":"https:\/\/patriciomora.es\/index.php?rest_route=%2Fwp%2Fv2%2Fmedia&parent=1841"}],"curies":[{"name":"wp","href":"https:\/\/api.w.org\/{rel}","templated":true}]}}